{"id":57,"date":"2026-01-21T11:01:36","date_gmt":"2026-01-21T11:01:36","guid":{"rendered":"https:\/\/ahura.tr\/?page_id=57"},"modified":"2026-01-21T11:39:30","modified_gmt":"2026-01-21T11:39:30","slug":"anasayfa","status":"publish","type":"page","link":"https:\/\/ahura.tr\/","title":{"rendered":"Ahura Reklam Erzurum | UV Bask\u0131, Lazer Kesim ve Tabela"},"content":{"rendered":"\n<p>Ahura Reklam | Erzurum UV Bask\u0131, Lazer Kesim ve Tabela Hizmetleri<\/p>\n\n\n\n<p>Ahura Reklam, Erzurum\u2019da UV bask\u0131, lazer kesim, tabela ve reklam hizmetleri sunar. H\u0131zl\u0131 teklif, kaliteli i\u015f\u00e7ilik ve m\u00fc\u015fteri memnuniyeti.<\/p>\n\n\n\n<p>Ahura Reklam Erzurum\u2019da UV bask\u0131, lazer kesim ve tabela \u00e7\u00f6z\u00fcmleri sunar.<\/p>\n\n\n\n<p>Ahura Reklam Erzurum UV bask\u0131 lazer kesim tabela<\/p>\n","protected":false},"excerpt":{"rendered":"<p>Ahura Reklam | Erzurum UV Bask\u0131, Lazer Kesim ve Tabela Hizmetleri Ahura Reklam, Erzurum\u2019da UV bask\u0131, lazer kesim, tabela ve reklam hizmetleri sunar. H\u0131zl\u0131 teklif, kaliteli i\u015f\u00e7ilik ve m\u00fc\u015fteri memnuniyeti. Ahura Reklam Erzurum\u2019da UV bask\u0131, lazer kesim ve tabela \u00e7\u00f6z\u00fcmleri sunar. Ahura Reklam Erzurum UV bask\u0131 lazer kesim tabela<\/p>\n","protected":false},"author":2,"featured_media":0,"parent":0,"menu_order":0,"comment_status":"closed","ping_status":"closed","template":"","meta":{"footnotes":""},"class_list":["post-57","page","type-page","status-publish","hentry"],"_links":{"self":[{"href":"https:\/\/ahura.tr\/index.php\/wp-json\/wp\/v2\/pages\/57","targetHints":{"allow":["GET"]}}],"collection":[{"href":"https:\/\/ahura.tr\/index.php\/wp-json\/wp\/v2\/pages"}],"about":[{"href":"https:\/\/ahura.tr\/index.php\/wp-json\/wp\/v2\/types\/page"}],"author":[{"embeddable":true,"href":"https:\/\/ahura.tr\/index.php\/wp-json\/wp\/v2\/users\/2"}],"replies":[{"embeddable":true,"href":"https:\/\/ahura.tr\/index.php\/wp-json\/wp\/v2\/comments?post=57"}],"version-history":[{"count":6,"href":"https:\/\/ahura.tr\/index.php\/wp-json\/wp\/v2\/pages\/57\/revisions"}],"predecessor-version":[{"id":76,"href":"https:\/\/ahura.tr\/index.php\/wp-json\/wp\/v2\/pages\/57\/revisions\/76"}],"wp:attachment":[{"href":"https:\/\/ahura.tr\/index.php\/wp-json\/wp\/v2\/media?parent=57"}],"curies":[{"name":"wp","href":"https:\/\/api.w.org\/{rel}","templated":true}]}}